{"id":389,"date":"2026-04-09T16:16:14","date_gmt":"2026-04-09T16:16:14","guid":{"rendered":"https:\/\/sztygarka.shareyoutest.pl\/?page_id=389"},"modified":"2026-04-09T16:16:14","modified_gmt":"2026-04-09T16:16:14","slug":"gruba-bluesa","status":"publish","type":"page","link":"https:\/\/sztygarka.shareyoutest.pl\/?page_id=389","title":{"rendered":"Gruba Bluesa"},"content":{"rendered":"<section class=\"bde-section-389-148 bde-section spa-hero\">\n  \n  \n\t\n\n\n\n<div class=\"section-container\"><div class=\"oxy-container-389-149 oxy-container container-99\"><div class=\"oxy-container-389-152 oxy-container gruba-hero\"><\/div><div class=\"oxy-container-389-150 oxy-container container-101\"><img decoding=\"async\" class=\"oxy-image-389-154 oxy-image spa-vector\" src=\"https:\/\/sztygarka.shareyoutest.pl\/wp-content\/uploads\/2026\/03\/vector.png\" loading=\"lazy\" srcset=\"https:\/\/sztygarka.shareyoutest.pl\/wp-content\/uploads\/2026\/03\/vector.png 181w, https:\/\/sztygarka.shareyoutest.pl\/wp-content\/uploads\/2026\/03\/vector-101x300.png 101w\" sizes=\"(max-width: 181px) 100vw, 181px\"><\/div><div class=\"oxy-container-389-155 oxy-container container-16\"><div class=\"oxy-text-389-156 oxy-text spa-subhead\">\nW rytmie bluesa\n<\/div><h1 class=\"bde-heading-389-157 bde-heading heading-2\">\nGRUBA BLUESA\n<\/h1><div class=\"oxy-text-389-158 oxy-text basic-text\">\nto przestrze\u0144 z charakterem, gdzie rytm bluesa spotyka si\u0119 z wyj\u0105tkow\u0105 atmosfer\u0105 \u015al\u0105ska\n<\/div><div class=\"oxy-container-389-159 oxy-container container-79\"><div class=\"oxy-text-389-160 oxy-text center\">\nStra\u017c Po\u017carna\n<\/div><div class=\"oxy-text-389-161 oxy-text center\">\nRytm Bluesa\n<\/div><\/div><\/div><\/div><\/div>\n<\/section><section class=\"bde-section-389-162 bde-section basic-section-layout\">\n  \n  \n\t\n\n\n\n<div class=\"section-container\"><div class=\"oxy-container-389-163 oxy-container container-102\"><div class=\"oxy-container-389-164 oxy-container container-103\"><img decoding=\"async\" class=\"oxy-image-389-170 oxy-image\" src=\"https:\/\/sztygarka.shareyoutest.pl\/wp-content\/uploads\/2026\/03\/Vector-11.png\" loading=\"lazy\" srcset=\"https:\/\/sztygarka.shareyoutest.pl\/wp-content\/uploads\/2026\/03\/Vector-11.png 154w, https:\/\/sztygarka.shareyoutest.pl\/wp-content\/uploads\/2026\/03\/Vector-11-150x21.png 150w\" sizes=\"(max-width: 154px) 100vw, 154px\"><h1 class=\"bde-heading-389-166 bde-heading heading-2\">\nStra\u017c Po\u017carna - Gruba Bluesa\n<\/h1><div class=\"oxy-text-389-167 oxy-text basic-text\">\nStra\u017c Po\u017carna \u201eGruba Bluesa\u201d to przestrze\u0144 z charakterem, gdzie rytm bluesa spotyka si\u0119 z wyj\u0105tkow\u0105 atmosfer\u0105 \u015al\u0105ska. Dawna remiza zyska\u0142a nowe \u017cycie jako miejsce pe\u0142ne energii, tw\u00f3rczo\u015bci i nieformalnego klimatu, idealne dla mi\u0142o\u015bnik\u00f3w muzyki i kultury.<br>Surowe mury i oryginalne detale architektoniczne tworz\u0105 scen\u0119, na kt\u00f3rej ka\u017cdy koncert, jam session czy spotkanie artystyczne nabiera niepowtarzalnego wymiaru. To przestrze\u0144, w kt\u00f3rej d\u017awi\u0119k staje si\u0119 do\u015bwiadczeniem, a chwile sp\u0119dzone w gronie przyjaci\u00f3\u0142 lub podczas wydarze\u0144 kulturalnych pozostaj\u0105 w pami\u0119ci na d\u0142ugo.<br>Klimat Stra\u017cy Po\u017carnej \u201eGruba Bluesa\u201d sprawia, \u017ce jest to miejsce nie tylko dla muzyki, ale i spotka\u0144 pe\u0142nych pasji, rozm\u00f3w. Ka\u017cde wydarzenie tu nabiera autentycznego charakteru, a przestrze\u0144 sama inspiruje do tworzenia wyj\u0105tkowych <br>\n<\/div><\/div><div class=\"oxy-container-389-165 oxy-container container-104\"><div class=\"bde-image-hover-card-389-169 bde-image-hover-card\">\n<figure class=\"ee-imagehover c4-izmir c4-border-bottom c4-image-pan-down\">\n    <img decoding=\"async\" class=\"breakdance-image-object\" src=\"https:\/\/sztygarka.shareyoutest.pl\/wp-content\/uploads\/2026\/03\/xga-16x9-blues-zawladnie-sztygarka-1725043377.png\" width=\"1530\" height=\"1931\" srcset=\"https:\/\/sztygarka.shareyoutest.pl\/wp-content\/uploads\/2026\/03\/xga-16x9-blues-zawladnie-sztygarka-1725043377.png 1530w, https:\/\/sztygarka.shareyoutest.pl\/wp-content\/uploads\/2026\/03\/xga-16x9-blues-zawladnie-sztygarka-1725043377-238x300.png 238w, https:\/\/sztygarka.shareyoutest.pl\/wp-content\/uploads\/2026\/03\/xga-16x9-blues-zawladnie-sztygarka-1725043377-811x1024.png 811w, https:\/\/sztygarka.shareyoutest.pl\/wp-content\/uploads\/2026\/03\/xga-16x9-blues-zawladnie-sztygarka-1725043377-768x969.png 768w, https:\/\/sztygarka.shareyoutest.pl\/wp-content\/uploads\/2026\/03\/xga-16x9-blues-zawladnie-sztygarka-1725043377-1217x1536.png 1217w\" sizes=\"auto, (max-width: 1530px) 100vw, 1530px\" loading=\"lazy\">\n  <figcaption class=\"c4-layout-center-right\">\n                <div class=\"c4-reveal-right c4-delay-400\">\n              <h4 class=\"ee-imagehover-title\">Zatrzymujemy czas<\/h4>\n      <\/div>\n                <div class=\"c4-reveal-right c4-delay-200\">\n              <h4 class=\"ee-imagehover-title\">W rytmie muzyki<\/h4>\n      <\/div>\n      <\/figcaption>\n<\/figure>\n<\/div><\/div><\/div><\/div>\n<\/section><section class=\"bde-section-389-172 bde-section basic-section-layout\">\n  \n  \n\t\n\n\n\n<div class=\"section-container\"><div class=\"bde-gallery-389-199 bde-gallery\">\n\n\n  \n\n\n\n\n\n\n\n\n\n\n<div class=\"ee-gallery ee-gallery--default ee-gallery--grid ee-gallery--single ee-gallery--lightbox ee-gallery-- ee-gallery--caption- ee-gallery--caption-none ee-gallery--ratio\">\n                  \n      <a class=\"ee-gallery-item ee-gallery-item--image ee-gallery-item--single\" href=\"https:\/\/breakdance.com\/wp-content\/uploads\/2024\/10\/venti-views-Rk8IRfQLx0s-unsplash.jpg\"  data-sub-html=\"<span><\/span>\" data-category=\"1\"                  data-lg-size=\"1920-1277\"\n\n      >\n        <figure class=\"ee-gallery-item-figure\">\n                        <img decoding=\"async\" class=\"breakdance-image-object\" src=\"https:\/\/breakdance.com\/wp-content\/uploads\/2024\/10\/venti-views-Rk8IRfQLx0s-unsplash-1024x681.jpg\" width=\"1024\" height=\"681\" srcset=\"https:\/\/breakdance.com\/wp-content\/uploads\/2024\/10\/venti-views-Rk8IRfQLx0s-unsplash.jpg 1920w, https:\/\/breakdance.com\/wp-content\/uploads\/2024\/10\/venti-views-Rk8IRfQLx0s-unsplash-300x200.jpg 300w, https:\/\/breakdance.com\/wp-content\/uploads\/2024\/10\/venti-views-Rk8IRfQLx0s-unsplash-1024x681.jpg 1024w, https:\/\/breakdance.com\/wp-content\/uploads\/2024\/10\/venti-views-Rk8IRfQLx0s-unsplash-768x511.jpg 768w, https:\/\/breakdance.com\/wp-content\/uploads\/2024\/10\/venti-views-Rk8IRfQLx0s-unsplash-1536x1022.jpg 1536w\" sizes=\"auto, (max-width: 1920px) 100vw, 1920px\" loading=\"lazy\">\n          \n                  <\/figure>\n      <\/a>\n\n                \n      <a class=\"ee-gallery-item ee-gallery-item--image ee-gallery-item--single\" href=\"https:\/\/breakdance.com\/wp-content\/uploads\/2024\/10\/andrea-ferrario-2XjzoIvMGHs-unsplash.jpg\"  data-sub-html=\"<span><\/span>\" data-category=\"1\"                  data-lg-size=\"1920-2880\"\n\n      >\n        <figure class=\"ee-gallery-item-figure\">\n                        <img decoding=\"async\" class=\"breakdance-image-object\" src=\"https:\/\/breakdance.com\/wp-content\/uploads\/2024\/10\/andrea-ferrario-2XjzoIvMGHs-unsplash-683x1024.jpg\" width=\"683\" height=\"1024\" srcset=\"https:\/\/breakdance.com\/wp-content\/uploads\/2024\/10\/andrea-ferrario-2XjzoIvMGHs-unsplash.jpg 1920w, https:\/\/breakdance.com\/wp-content\/uploads\/2024\/10\/andrea-ferrario-2XjzoIvMGHs-unsplash-200x300.jpg 200w, https:\/\/breakdance.com\/wp-content\/uploads\/2024\/10\/andrea-ferrario-2XjzoIvMGHs-unsplash-683x1024.jpg 683w, https:\/\/breakdance.com\/wp-content\/uploads\/2024\/10\/andrea-ferrario-2XjzoIvMGHs-unsplash-768x1152.jpg 768w, https:\/\/breakdance.com\/wp-content\/uploads\/2024\/10\/andrea-ferrario-2XjzoIvMGHs-unsplash-1024x1536.jpg 1024w, https:\/\/breakdance.com\/wp-content\/uploads\/2024\/10\/andrea-ferrario-2XjzoIvMGHs-unsplash-1365x2048.jpg 1365w\" sizes=\"auto, (max-width: 1920px) 100vw, 1920px\" loading=\"lazy\">\n          \n                  <\/figure>\n      <\/a>\n\n                \n      <a class=\"ee-gallery-item ee-gallery-item--image ee-gallery-item--single\" href=\"https:\/\/breakdance.com\/wp-content\/uploads\/2024\/10\/jeremy-doddridge-efhEncQLi4w-unsplash.jpg\"  data-sub-html=\"<span><\/span>\" data-category=\"1\"                  data-lg-size=\"1920-1280\"\n\n      >\n        <figure class=\"ee-gallery-item-figure\">\n                        <img decoding=\"async\" class=\"breakdance-image-object\" src=\"https:\/\/breakdance.com\/wp-content\/uploads\/2024\/10\/jeremy-doddridge-efhEncQLi4w-unsplash-1024x683.jpg\" width=\"1024\" height=\"683\" srcset=\"https:\/\/breakdance.com\/wp-content\/uploads\/2024\/10\/jeremy-doddridge-efhEncQLi4w-unsplash.jpg 1920w, https:\/\/breakdance.com\/wp-content\/uploads\/2024\/10\/jeremy-doddridge-efhEncQLi4w-unsplash-300x200.jpg 300w, https:\/\/breakdance.com\/wp-content\/uploads\/2024\/10\/jeremy-doddridge-efhEncQLi4w-unsplash-1024x683.jpg 1024w, https:\/\/breakdance.com\/wp-content\/uploads\/2024\/10\/jeremy-doddridge-efhEncQLi4w-unsplash-768x512.jpg 768w, https:\/\/breakdance.com\/wp-content\/uploads\/2024\/10\/jeremy-doddridge-efhEncQLi4w-unsplash-1536x1024.jpg 1536w\" sizes=\"auto, (max-width: 1920px) 100vw, 1920px\" loading=\"lazy\">\n          \n                  <\/figure>\n      <\/a>\n\n                \n      <a class=\"ee-gallery-item ee-gallery-item--image ee-gallery-item--single\" href=\"https:\/\/breakdance.com\/wp-content\/uploads\/2024\/10\/carlos-D2OlaAuuOSA-unsplash.jpg\"  data-sub-html=\"<span><\/span>\" data-category=\"1\"                  data-lg-size=\"1920-2878\"\n\n      >\n        <figure class=\"ee-gallery-item-figure\">\n                        <img decoding=\"async\" class=\"breakdance-image-object\" src=\"https:\/\/breakdance.com\/wp-content\/uploads\/2024\/10\/carlos-D2OlaAuuOSA-unsplash-683x1024.jpg\" width=\"683\" height=\"1024\" srcset=\"https:\/\/breakdance.com\/wp-content\/uploads\/2024\/10\/carlos-D2OlaAuuOSA-unsplash.jpg 1920w, https:\/\/breakdance.com\/wp-content\/uploads\/2024\/10\/carlos-D2OlaAuuOSA-unsplash-200x300.jpg 200w, https:\/\/breakdance.com\/wp-content\/uploads\/2024\/10\/carlos-D2OlaAuuOSA-unsplash-683x1024.jpg 683w, https:\/\/breakdance.com\/wp-content\/uploads\/2024\/10\/carlos-D2OlaAuuOSA-unsplash-768x1151.jpg 768w, https:\/\/breakdance.com\/wp-content\/uploads\/2024\/10\/carlos-D2OlaAuuOSA-unsplash-1025x1536.jpg 1025w, https:\/\/breakdance.com\/wp-content\/uploads\/2024\/10\/carlos-D2OlaAuuOSA-unsplash-1366x2048.jpg 1366w\" sizes=\"auto, (max-width: 1920px) 100vw, 1920px\" loading=\"lazy\">\n          \n                  <\/figure>\n      <\/a>\n\n                \n      <a class=\"ee-gallery-item ee-gallery-item--image ee-gallery-item--single\" href=\"https:\/\/breakdance.com\/wp-content\/uploads\/2024\/10\/kellen-riggin-ZZ_uPf5oLFE-unsplash.jpg\"  data-sub-html=\"<span><\/span>\" data-category=\"1\"                  data-lg-size=\"1920-1279\"\n\n      >\n        <figure class=\"ee-gallery-item-figure\">\n                        <img decoding=\"async\" class=\"breakdance-image-object\" src=\"https:\/\/breakdance.com\/wp-content\/uploads\/2024\/10\/kellen-riggin-ZZ_uPf5oLFE-unsplash-1024x682.jpg\" width=\"1024\" height=\"682\" srcset=\"https:\/\/breakdance.com\/wp-content\/uploads\/2024\/10\/kellen-riggin-ZZ_uPf5oLFE-unsplash.jpg 1920w, https:\/\/breakdance.com\/wp-content\/uploads\/2024\/10\/kellen-riggin-ZZ_uPf5oLFE-unsplash-300x200.jpg 300w, https:\/\/breakdance.com\/wp-content\/uploads\/2024\/10\/kellen-riggin-ZZ_uPf5oLFE-unsplash-1024x682.jpg 1024w, https:\/\/breakdance.com\/wp-content\/uploads\/2024\/10\/kellen-riggin-ZZ_uPf5oLFE-unsplash-768x512.jpg 768w, https:\/\/breakdance.com\/wp-content\/uploads\/2024\/10\/kellen-riggin-ZZ_uPf5oLFE-unsplash-1536x1023.jpg 1536w\" sizes=\"auto, (max-width: 1920px) 100vw, 1920px\" loading=\"lazy\">\n          \n                  <\/figure>\n      <\/a>\n\n                \n      <a class=\"ee-gallery-item ee-gallery-item--image ee-gallery-item--single\" href=\"https:\/\/breakdance.com\/wp-content\/uploads\/2024\/10\/marek-piwnicki-T1wi0CbzUQI-unsplash.jpg\"  data-sub-html=\"<span><\/span>\" data-category=\"1\"                  data-lg-size=\"1920-1200\"\n\n      >\n        <figure class=\"ee-gallery-item-figure\">\n                        <img decoding=\"async\" class=\"breakdance-image-object\" src=\"https:\/\/breakdance.com\/wp-content\/uploads\/2024\/10\/marek-piwnicki-T1wi0CbzUQI-unsplash-1024x640.jpg\" width=\"1024\" height=\"640\" srcset=\"https:\/\/breakdance.com\/wp-content\/uploads\/2024\/10\/marek-piwnicki-T1wi0CbzUQI-unsplash.jpg 1920w, https:\/\/breakdance.com\/wp-content\/uploads\/2024\/10\/marek-piwnicki-T1wi0CbzUQI-unsplash-300x188.jpg 300w, https:\/\/breakdance.com\/wp-content\/uploads\/2024\/10\/marek-piwnicki-T1wi0CbzUQI-unsplash-1024x640.jpg 1024w, https:\/\/breakdance.com\/wp-content\/uploads\/2024\/10\/marek-piwnicki-T1wi0CbzUQI-unsplash-768x480.jpg 768w, https:\/\/breakdance.com\/wp-content\/uploads\/2024\/10\/marek-piwnicki-T1wi0CbzUQI-unsplash-1536x960.jpg 1536w\" sizes=\"auto, (max-width: 1920px) 100vw, 1920px\" loading=\"lazy\">\n          \n                  <\/figure>\n      <\/a>\n\n                \n      <a class=\"ee-gallery-item ee-gallery-item--image ee-gallery-item--single\" href=\"https:\/\/breakdance.com\/wp-content\/uploads\/2024\/10\/matt-hardy-_RlH3Vax15w-unsplash.jpg\"  data-sub-html=\"<span><\/span>\" data-category=\"1\"                  data-lg-size=\"1920-1440\"\n\n      >\n        <figure class=\"ee-gallery-item-figure\">\n                        <img decoding=\"async\" class=\"breakdance-image-object\" src=\"https:\/\/breakdance.com\/wp-content\/uploads\/2024\/10\/matt-hardy-_RlH3Vax15w-unsplash-1024x768.jpg\" width=\"1024\" height=\"768\" srcset=\"https:\/\/breakdance.com\/wp-content\/uploads\/2024\/10\/matt-hardy-_RlH3Vax15w-unsplash.jpg 1920w, https:\/\/breakdance.com\/wp-content\/uploads\/2024\/10\/matt-hardy-_RlH3Vax15w-unsplash-300x225.jpg 300w, https:\/\/breakdance.com\/wp-content\/uploads\/2024\/10\/matt-hardy-_RlH3Vax15w-unsplash-1024x768.jpg 1024w, https:\/\/breakdance.com\/wp-content\/uploads\/2024\/10\/matt-hardy-_RlH3Vax15w-unsplash-768x576.jpg 768w, https:\/\/breakdance.com\/wp-content\/uploads\/2024\/10\/matt-hardy-_RlH3Vax15w-unsplash-1536x1152.jpg 1536w\" sizes=\"auto, (max-width: 1920px) 100vw, 1920px\" loading=\"lazy\">\n          \n                  <\/figure>\n      <\/a>\n\n                \n      <a class=\"ee-gallery-item ee-gallery-item--image ee-gallery-item--single\" href=\"https:\/\/breakdance.com\/wp-content\/uploads\/2024\/10\/nic-y-c-u7hKg-Lgzm0-unsplash.jpg\"  data-sub-html=\"<span><\/span>\" data-category=\"1\"                  data-lg-size=\"1920-1280\"\n\n      >\n        <figure class=\"ee-gallery-item-figure\">\n                        <img decoding=\"async\" class=\"breakdance-image-object\" src=\"https:\/\/breakdance.com\/wp-content\/uploads\/2024\/10\/nic-y-c-u7hKg-Lgzm0-unsplash-1024x683.jpg\" width=\"1024\" height=\"683\" srcset=\"https:\/\/breakdance.com\/wp-content\/uploads\/2024\/10\/nic-y-c-u7hKg-Lgzm0-unsplash.jpg 1920w, https:\/\/breakdance.com\/wp-content\/uploads\/2024\/10\/nic-y-c-u7hKg-Lgzm0-unsplash-300x200.jpg 300w, https:\/\/breakdance.com\/wp-content\/uploads\/2024\/10\/nic-y-c-u7hKg-Lgzm0-unsplash-1024x683.jpg 1024w, https:\/\/breakdance.com\/wp-content\/uploads\/2024\/10\/nic-y-c-u7hKg-Lgzm0-unsplash-768x512.jpg 768w, https:\/\/breakdance.com\/wp-content\/uploads\/2024\/10\/nic-y-c-u7hKg-Lgzm0-unsplash-1536x1024.jpg 1536w\" sizes=\"auto, (max-width: 1920px) 100vw, 1920px\" loading=\"lazy\">\n          \n                  <\/figure>\n      <\/a>\n\n      \n  <\/div>\n\n\n\n<\/div><\/div>\n<\/section>","protected":false},"excerpt":{"rendered":"<p>W rytmie bluesa GRUBA BLUESA to przestrze\u0144 z charakterem, gdzie rytm bluesa spotyka si\u0119 z wyj\u0105tkow\u0105 atmosfer\u0105 \u015al\u0105ska Stra\u017c Po\u017carna Rytm Bluesa Stra\u017c Po\u017carna &#8211; Gruba Bluesa Stra\u017c Po\u017carna \u201eGruba Bluesa\u201d to przestrze\u0144 z charakterem, gdzie rytm bluesa spotyka si\u0119 z wyj\u0105tkow\u0105 atmosfer\u0105 \u015al\u0105ska. Dawna remiza zyska\u0142a nowe \u017cycie jako miejsce pe\u0142ne energii, tw\u00f3rczo\u015bci i [&hellip;]<\/p>\n","protected":false},"author":1,"featured_media":0,"parent":0,"menu_order":0,"comment_status":"closed","ping_status":"closed","template":"","meta":{"_oxygen_hide_in_design_set":false,"_oxygen_tags":"","footnotes":""},"class_list":["post-389","page","type-page","status-publish","hentry"],"_links":{"self":[{"href":"https:\/\/sztygarka.shareyoutest.pl\/index.php?rest_route=\/wp\/v2\/pages\/389","targetHints":{"allow":["GET"]}}],"collection":[{"href":"https:\/\/sztygarka.shareyoutest.pl\/index.php?rest_route=\/wp\/v2\/pages"}],"about":[{"href":"https:\/\/sztygarka.shareyoutest.pl\/index.php?rest_route=\/wp\/v2\/types\/page"}],"author":[{"embeddable":true,"href":"https:\/\/sztygarka.shareyoutest.pl\/index.php?rest_route=\/wp\/v2\/users\/1"}],"replies":[{"embeddable":true,"href":"https:\/\/sztygarka.shareyoutest.pl\/index.php?rest_route=%2Fwp%2Fv2%2Fcomments&post=389"}],"version-history":[{"count":8,"href":"https:\/\/sztygarka.shareyoutest.pl\/index.php?rest_route=\/wp\/v2\/pages\/389\/revisions"}],"predecessor-version":[{"id":413,"href":"https:\/\/sztygarka.shareyoutest.pl\/index.php?rest_route=\/wp\/v2\/pages\/389\/revisions\/413"}],"wp:attachment":[{"href":"https:\/\/sztygarka.shareyoutest.pl\/index.php?rest_route=%2Fwp%2Fv2%2Fmedia&parent=389"}],"curies":[{"name":"wp","href":"https:\/\/api.w.org\/{rel}","templated":true}]}}