{"id":42,"date":"2026-03-16T22:15:24","date_gmt":"2026-03-16T22:15:24","guid":{"rendered":"https:\/\/sztygarka.shareyoutest.pl\/?page_id=42"},"modified":"2026-04-14T14:06:29","modified_gmt":"2026-04-14T14:06:29","slug":"kawiarnia","status":"publish","type":"page","link":"https:\/\/sztygarka.shareyoutest.pl\/?page_id=42","title":{"rendered":"Kawiarnia"},"content":{"rendered":"<section class=\"bde-section-42-100 bde-section section-19\">\n  \n  \n\t\n\n\n\n<div class=\"section-container\"><div class=\"oxy-container-42-101 oxy-container\"><div class=\"oxy-container-42-133 oxy-container rp-top\"><div class=\"oxy-container-42-136 oxy-container rp-heading\"><h1 class=\"bde-heading-42-137 bde-heading rp-title\">\nKawiarnia<br> Pod Wie\u017c\u0105\n<\/h1><div class=\"oxy-text-42-138 oxy-text rp-subtitle white\">\nWyrazista | Nieszablonowa | Pe\u0142na Charakteru\n<\/div><div class=\"oxy-container-42-146 oxy-container container-79\"><a class=\"oxy-container-link-42-154 oxy-container-link\" target=\"_self\"><div class=\"oxy-container-42-150 oxy-container container-121\"><div class=\"oxy-text-42-147 oxy-text restaurant-add\">\nCodziennie: 10:00 \u2013 20:00\n<\/div><\/div><\/a><a class=\"bde-container-link-42-158 bde-container-link breakdance-link\" href=\"#menuuu\" target=\"_self\" data-type=\"url\">\n  \n  \n\t\n\n\n\n<div class=\"oxy-container-42-151 oxy-container container-121\"><div class=\"oxy-text-42-157 oxy-text restaurant-add\">\nSprawd\u017a menu\n<\/div><\/div>\n\n<\/a><\/div><\/div><\/div><\/div><\/div>\n<\/section><section class=\"bde-section-42-102 bde-section basic-section-layout\">\n  \n  \n\t\n\n\n\n<div class=\"section-container\"><div class=\"oxy-container-42-103 oxy-container container-110\"><div class=\"oxy-container-42-104 oxy-container container-111\"><div class=\"bde-gallery-42-155 bde-gallery\">\n\n\n\n\n\n\n\n\n\n\n\n\n\n<div class=\"ee-gallery ee-gallery--isotope ee-gallery--justified ee-gallery--single ee-gallery--lightbox ee-gallery-- ee-gallery--caption- ee-gallery--caption-none ee-gallery--ratio\">\n                  \n      <a class=\"ee-gallery-item ee-gallery-item--image ee-gallery-item--single\" href=\"https:\/\/sztygarka.shareyoutest.pl\/wp-content\/uploads\/2026\/04\/MENU-KAWIARNIA-03.2026-1.png\"  data-sub-html=\"<span><\/span>\" data-category=\"1\"                  data-lg-size=\"2339-1654\"\n\n      >\n        <figure class=\"ee-gallery-item-figure\">\n                        <img decoding=\"async\" class=\"breakdance-image-object\" src=\"https:\/\/sztygarka.shareyoutest.pl\/wp-content\/uploads\/2026\/04\/MENU-KAWIARNIA-03.2026-1.png\" width=\"2339\" height=\"1654\" srcset=\"https:\/\/sztygarka.shareyoutest.pl\/wp-content\/uploads\/2026\/04\/MENU-KAWIARNIA-03.2026-1.png 2339w, https:\/\/sztygarka.shareyoutest.pl\/wp-content\/uploads\/2026\/04\/MENU-KAWIARNIA-03.2026-1-300x212.png 300w, https:\/\/sztygarka.shareyoutest.pl\/wp-content\/uploads\/2026\/04\/MENU-KAWIARNIA-03.2026-1-1024x724.png 1024w, https:\/\/sztygarka.shareyoutest.pl\/wp-content\/uploads\/2026\/04\/MENU-KAWIARNIA-03.2026-1-768x543.png 768w, https:\/\/sztygarka.shareyoutest.pl\/wp-content\/uploads\/2026\/04\/MENU-KAWIARNIA-03.2026-1-1536x1086.png 1536w, https:\/\/sztygarka.shareyoutest.pl\/wp-content\/uploads\/2026\/04\/MENU-KAWIARNIA-03.2026-1-2048x1448.png 2048w\" sizes=\"auto, (max-width: 2339px) 100vw, 2339px\" loading=\"lazy\">\n          \n                  <\/figure>\n      <\/a>\n\n      \n      <div class=\"ee-gallery-gutter\"><\/div>\n  <\/div>\n\n\n\n<\/div><\/div><div class=\"oxy-container-42-105 oxy-container container-112\"><div class=\"bde-gallery-42-156 bde-gallery\">\n\n\n\n\n\n\n\n\n\n\n\n\n\n<div class=\"ee-gallery ee-gallery--isotope ee-gallery--justified ee-gallery--single ee-gallery--lightbox ee-gallery-- ee-gallery--caption- ee-gallery--caption-none ee-gallery--ratio\">\n                  \n      <a class=\"ee-gallery-item ee-gallery-item--image ee-gallery-item--single\" href=\"https:\/\/sztygarka.shareyoutest.pl\/wp-content\/uploads\/2026\/04\/MENU-KAWIARNIA-03.2026-2.png\"  data-sub-html=\"<span><\/span>\" data-category=\"1\"                  data-lg-size=\"2339-1654\"\n\n      >\n        <figure class=\"ee-gallery-item-figure\">\n                        <img decoding=\"async\" class=\"breakdance-image-object\" src=\"https:\/\/sztygarka.shareyoutest.pl\/wp-content\/uploads\/2026\/04\/MENU-KAWIARNIA-03.2026-2-1536x1086.png\" width=\"1536\" height=\"1086\" srcset=\"https:\/\/sztygarka.shareyoutest.pl\/wp-content\/uploads\/2026\/04\/MENU-KAWIARNIA-03.2026-2.png 2339w, https:\/\/sztygarka.shareyoutest.pl\/wp-content\/uploads\/2026\/04\/MENU-KAWIARNIA-03.2026-2-300x212.png 300w, https:\/\/sztygarka.shareyoutest.pl\/wp-content\/uploads\/2026\/04\/MENU-KAWIARNIA-03.2026-2-1024x724.png 1024w, https:\/\/sztygarka.shareyoutest.pl\/wp-content\/uploads\/2026\/04\/MENU-KAWIARNIA-03.2026-2-768x543.png 768w, https:\/\/sztygarka.shareyoutest.pl\/wp-content\/uploads\/2026\/04\/MENU-KAWIARNIA-03.2026-2-1536x1086.png 1536w, https:\/\/sztygarka.shareyoutest.pl\/wp-content\/uploads\/2026\/04\/MENU-KAWIARNIA-03.2026-2-2048x1448.png 2048w\" sizes=\"auto, (max-width: 2339px) 100vw, 2339px\" loading=\"lazy\">\n          \n                  <\/figure>\n      <\/a>\n\n      \n      <div class=\"ee-gallery-gutter\"><\/div>\n  <\/div>\n\n\n\n<\/div><\/div><\/div><\/div>\n<\/section><section id=\"menu\" class=\"bde-section-42-141 bde-section basic-section-layout\">\n  \n  \n\t\n\n\n\n<div class=\"section-container\"><div id=\"menuuu\" class=\"oxy-container-42-143 oxy-container container-113\"><div class=\"oxy-container-42-144 oxy-container container-114\"><h1 class=\"bde-heading-42-145 bde-heading head-rest\">\n\u015aniadanie pod Szybem Prezydent\n<\/h1><div class=\"oxy-text-42-126 oxy-text basic-text rest-text\">\nRestauracja Prezydent w chorzowskim Kompleksie Sztygarka to miejsce, kt\u00f3re zachwyca od pierwszego kroku i na d\u0142ugo pozostaje w pami\u0119ci.<br>Niepowtarzalny klimat tworz\u0105 zabytkowe wn\u0119trza z oryginalnym, drewnianym stropem \u2014 \u015bwiadkiem czas\u00f3w, gdy mie\u015bci\u0142o si\u0119 tu Kasyno G\u00f3rnicze. Historia przenika si\u0119 tu z \u015bl\u0105sk\u0105 kuchni\u0105, a ka\u017cdy detal podkre\u015bla wyj\u0105tkowy charakter tego miejsca.<br>\n<\/div><\/div><div class=\"oxy-container-42-142 oxy-container container-115\"><h1 class=\"bde-heading-42-125 bde-heading head-rest\">\n<hr>\n<\/h1><div class=\"oxy-text-42-129 oxy-text basic-text rest-text\">\nKuchnia Restauracji Prezydent to ho\u0142d dla smaku i jako\u015bci. Aromatyczny ros\u00f3\u0142 czy klasyczna rolada \u015bl\u0105ska stanowi\u0105 doskona\u0142e wprowadzenie do autorskich specja\u0142\u00f3w Szefa Kuchni, kt\u00f3re zaskakuj\u0105 form\u0105 i g\u0142\u0119bi\u0105 smaku. <br>Elegancka i stylowa przestrze\u0144 restauracji stanowi idealn\u0105 opraw\u0119 zar\u00f3wno dla uroczystych kolacji, przyj\u0119\u0107 rodzinnych, jak i spotka\u0144 biznesowych. To miejsce, w kt\u00f3rym ka\u017cda okazja nabiera wyj\u0105tkowego znaczenia.<br>\n<\/div><\/div><\/div><\/div>\n<\/section>","protected":false},"excerpt":{"rendered":"<p>Kawiarnia Pod Wie\u017c\u0105 Wyrazista | Nieszablonowa | Pe\u0142na Charakteru Codziennie: 10:00 \u2013 20:00 Sprawd\u017a menu \u015aniadanie pod Szybem Prezydent Restauracja Prezydent w chorzowskim Kompleksie Sztygarka to miejsce, kt\u00f3re zachwyca od pierwszego kroku i na d\u0142ugo pozostaje w pami\u0119ci.Niepowtarzalny klimat tworz\u0105 zabytkowe wn\u0119trza z oryginalnym, drewnianym stropem \u2014 \u015bwiadkiem czas\u00f3w, gdy mie\u015bci\u0142o si\u0119 tu Kasyno G\u00f3rnicze. [&hellip;]<\/p>\n","protected":false},"author":1,"featured_media":0,"parent":0,"menu_order":0,"comment_status":"closed","ping_status":"closed","template":"","meta":{"_oxygen_hide_in_design_set":false,"_oxygen_tags":"","footnotes":""},"class_list":["post-42","page","type-page","status-publish","hentry"],"_links":{"self":[{"href":"https:\/\/sztygarka.shareyoutest.pl\/index.php?rest_route=\/wp\/v2\/pages\/42","targetHints":{"allow":["GET"]}}],"collection":[{"href":"https:\/\/sztygarka.shareyoutest.pl\/index.php?rest_route=\/wp\/v2\/pages"}],"about":[{"href":"https:\/\/sztygarka.shareyoutest.pl\/index.php?rest_route=\/wp\/v2\/types\/page"}],"author":[{"embeddable":true,"href":"https:\/\/sztygarka.shareyoutest.pl\/index.php?rest_route=\/wp\/v2\/users\/1"}],"replies":[{"embeddable":true,"href":"https:\/\/sztygarka.shareyoutest.pl\/index.php?rest_route=%2Fwp%2Fv2%2Fcomments&post=42"}],"version-history":[{"count":6,"href":"https:\/\/sztygarka.shareyoutest.pl\/index.php?rest_route=\/wp\/v2\/pages\/42\/revisions"}],"predecessor-version":[{"id":506,"href":"https:\/\/sztygarka.shareyoutest.pl\/index.php?rest_route=\/wp\/v2\/pages\/42\/revisions\/506"}],"wp:attachment":[{"href":"https:\/\/sztygarka.shareyoutest.pl\/index.php?rest_route=%2Fwp%2Fv2%2Fmedia&parent=42"}],"curies":[{"name":"wp","href":"https:\/\/api.w.org\/{rel}","templated":true}]}}