{"id":55,"date":"2026-03-16T22:18:18","date_gmt":"2026-03-16T22:18:18","guid":{"rendered":"https:\/\/sztygarka.shareyoutest.pl\/?page_id=55"},"modified":"2026-03-31T16:10:03","modified_gmt":"2026-03-31T16:10:03","slug":"kontakt","status":"publish","type":"page","link":"https:\/\/sztygarka.shareyoutest.pl\/?page_id=55","title":{"rendered":"Kontakt"},"content":{"rendered":"<section class=\"bde-section-55-148 bde-section spa-hero\">\n  \n  \n\t\n\n\n\n<div class=\"section-container\"><div class=\"oxy-container-55-149 oxy-container container-99\"><div class=\"oxy-container-55-150 oxy-container kontakt-img\"><\/div><div class=\"oxy-container-55-151 oxy-container container-101\"><img decoding=\"async\" class=\"oxy-image-55-152 oxy-image spa-vector\" src=\"https:\/\/sztygarka.shareyoutest.pl\/wp-content\/uploads\/2026\/03\/vector.png\" loading=\"lazy\" srcset=\"https:\/\/sztygarka.shareyoutest.pl\/wp-content\/uploads\/2026\/03\/vector.png 181w, https:\/\/sztygarka.shareyoutest.pl\/wp-content\/uploads\/2026\/03\/vector-101x300.png 101w\" sizes=\"(max-width: 181px) 100vw, 181px\"><\/div><div class=\"oxy-container-55-153 oxy-container container-16\"><div class=\"oxy-text-55-154 oxy-text spa-subhead\">\nZapraszamy do\n<\/div><h1 class=\"bde-heading-55-155 bde-heading heading-2\">\nKONTAKTU\n<\/h1><div class=\"oxy-text-55-156 oxy-text basic-text\">\nto przestrze\u0144 z charakterem, gdzie rytm bluesa spotyka si\u0119 z wyj\u0105tkow\u0105 atmosfer\u0105 \u015al\u0105ska\n<\/div><div class=\"oxy-container-55-160 oxy-container container-107\"><div class=\"oxy-container-55-161 oxy-container container-108\"><div class=\"oxy-text-55-162 oxy-text kontakt-text\">\nE-mail\n<\/div><a class=\"oxy-text-link-55-170 oxy-text-link link-text\" href=\"gm@sztygarka.pl\" target=\"_self\">\ngm@sztygarka.pl\n<\/a><\/div><div class=\"oxy-container-55-164 oxy-container container-108\"><div class=\"oxy-text-55-165 oxy-text kontakt-text\">\nTelefon\n<\/div><a class=\"oxy-text-link-55-166 oxy-text-link link-text\" href=\"735 989 573\" target=\"_self\">\n735 989 573\n<\/a><\/div><div class=\"oxy-container-55-167 oxy-container container-108\"><div class=\"oxy-text-55-168 oxy-text kontakt-text\">\nAdres\n<\/div><a class=\"oxy-text-link-55-169 oxy-text-link link-text\" target=\"_self\">\nul. Piotra Skargi 34 a\/d\u2028 41-500 Chorz\u00f3w\n<\/a><\/div><\/div><\/div><\/div><\/div>\n<\/section>","protected":false},"excerpt":{"rendered":"<p>Zapraszamy do KONTAKTU to przestrze\u0144 z charakterem, gdzie rytm bluesa spotyka si\u0119 z wyj\u0105tkow\u0105 atmosfer\u0105 \u015al\u0105ska E-mail gm@sztygarka.pl Telefon 735 989 573 Adres ul. Piotra Skargi 34 a\/d\u2028 41-500 Chorz\u00f3w<\/p>\n","protected":false},"author":1,"featured_media":0,"parent":0,"menu_order":0,"comment_status":"closed","ping_status":"closed","template":"","meta":{"_oxygen_hide_in_design_set":false,"_oxygen_tags":"","footnotes":""},"class_list":["post-55","page","type-page","status-publish","hentry"],"_links":{"self":[{"href":"https:\/\/sztygarka.shareyoutest.pl\/index.php?rest_route=\/wp\/v2\/pages\/55","targetHints":{"allow":["GET"]}}],"collection":[{"href":"https:\/\/sztygarka.shareyoutest.pl\/index.php?rest_route=\/wp\/v2\/pages"}],"about":[{"href":"https:\/\/sztygarka.shareyoutest.pl\/index.php?rest_route=\/wp\/v2\/types\/page"}],"author":[{"embeddable":true,"href":"https:\/\/sztygarka.shareyoutest.pl\/index.php?rest_route=\/wp\/v2\/users\/1"}],"replies":[{"embeddable":true,"href":"https:\/\/sztygarka.shareyoutest.pl\/index.php?rest_route=%2Fwp%2Fv2%2Fcomments&post=55"}],"version-history":[{"count":5,"href":"https:\/\/sztygarka.shareyoutest.pl\/index.php?rest_route=\/wp\/v2\/pages\/55\/revisions"}],"predecessor-version":[{"id":403,"href":"https:\/\/sztygarka.shareyoutest.pl\/index.php?rest_route=\/wp\/v2\/pages\/55\/revisions\/403"}],"wp:attachment":[{"href":"https:\/\/sztygarka.shareyoutest.pl\/index.php?rest_route=%2Fwp%2Fv2%2Fmedia&parent=55"}],"curies":[{"name":"wp","href":"https:\/\/api.w.org\/{rel}","templated":true}]}}